{"id":4,"date":"2022-01-25T17:23:52","date_gmt":"2022-01-25T17:23:52","guid":{"rendered":"https:\/\/newrecycling.ro\/new\/?page_id=4"},"modified":"2022-02-10T09:31:52","modified_gmt":"2022-02-10T09:31:52","slug":"home","status":"publish","type":"page","link":"https:\/\/newrecycling.ro\/new\/","title":{"rendered":"Home"},"content":{"rendered":"\n  <div class=\"banner has-hover bg-grayscale bg-grayscale has-video\" id=\"banner-1600981059\">\n          <div class=\"banner-inner fill\">\n        <div class=\"banner-bg fill\" >\n            <div class=\"bg fill bg-fill bg-loaded\"><\/div>\n            \t<div class=\"video-overlay no-click fill hide-for-medium\"><\/div>\n\t<video class=\"video-bg fill hide-for-medium\" preload playsinline autoplay\n\t\tmuted\t\tloop>\n\t\t<source src=\"https:\/\/newrecycling.ro\/new\/wp-content\/uploads\/2022\/01\/rtyrtyrtyrty.mp4\" type=\"video\/mp4\">\t<\/video>\n            <div class=\"overlay\"><\/div>            \n                    <\/div>\n\t\t\n        <div class=\"banner-layers container\">\n            <div class=\"fill banner-link\"><\/div>            \n   <div id=\"text-box-2006291715\" class=\"text-box banner-layer x5 md-x5 lg-x5 y95 md-y50 lg-y50 res-text\">\n                                <div class=\"text-box-content text box-shadow-1\">\n              \n              <div class=\"text-inner text-left\">\n                  \n<h6><strong><span style=\"color: #99cc00;\">for a green future<\/span><\/strong><\/h6>\n<h3 class=\"uppercase\"><span style=\"color: #99cc00;\"><strong>new recycling<\/strong><\/span> &#8211; <span style=\"font-size: 90%;\">partenerul tau in gestionarea deseurilor<\/span><\/h3>\n<p>Ne sim\u0163im responsabili s\u0103 o transmitem genera\u0163iilor viitoare \u00eentr-o form\u0103 mai bun\u0103 dec\u00e2t am primit-o<\/p>\n<a href=\"\/new\/despre-noi\" target=\"_self\" class=\"button primary is-outline\"  >\n    <span>despre noi<\/span>\n  <\/a>\n\n<a href=\"#SERVICII\" target=\"_self\" class=\"button primary is-outline\"  >\n    <span>vezi servicii<\/span>\n  <\/a>\n\n<a class=\"button secondary is-gradient\"  >\n    <span>vreau sa devin partener<\/span>\n  <\/a>\n\n              <\/div>\n           <\/div>\n                            \n<style>\n#text-box-2006291715 .text-box-content {\n  background-color: rgba(255, 255, 255, 0.94);\n  font-size: 100%;\n}\n#text-box-2006291715 .text-inner {\n  padding: 30px 30px 30px 30px;\n}\n#text-box-2006291715 {\n  width: 90%;\n}\n@media (min-width:550px) {\n  #text-box-2006291715 {\n    width: 89%;\n  }\n}\n<\/style>\n    <\/div>\n \n        <\/div>\n      <\/div>\n\n            \n<style>\n#banner-1600981059 {\n  padding-top: 517px;\n  background-color: rgb(228, 220, 220);\n}\n#banner-1600981059 .bg.bg-loaded {\n  background-image: 4061;\n}\n#banner-1600981059 .overlay {\n  background-color: rgba(182, 255, 191, 0.122);\n}\n#banner-1600981059 .bg {\n  background-position: 50% 56%;\n}\n#banner-1600981059 .ux-shape-divider--top svg {\n  height: 150px;\n  --divider-top-width: 100%;\n}\n#banner-1600981059 .ux-shape-divider--bottom svg {\n  height: 150px;\n  --divider-width: 100%;\n}\n<\/style>\n  <\/div>\n\n\n\t<section class=\"section\" id=\"section_1737927770\">\n\t\t<div class=\"bg section-bg fill bg-fill bg-loaded bg-loaded\" >\n\n\t\t\t\n\t\t\t\n\t\t\t\n\n\t\t<\/div>\n\n\t\t\n\n\t\t<div class=\"section-content relative\">\n\t\t\t\n<div class=\"row align-center\"  id=\"row-49362900\">\n\n\t<div id=\"col-1105687506\" class=\"col medium-6 small-12 large-12\"  >\n\t\t\t\t<div class=\"col-inner text-center\"  >\n\t\t\t\n\t\t\t\n<span class=\"scroll-to\" data-label=\"Scroll to: #SERVICII\" data-bullet=\"true\" data-link=\"#SERVICII\" data-title=\"Change this\"><a name=\"SERVICII\"><\/a><\/span>\n\t<div id=\"gap-1770677771\" class=\"gap-element clearfix\" style=\"display:block; height:auto;\">\n\t\t\n<style>\n#gap-1770677771 {\n  padding-top: 30px;\n}\n<\/style>\n\t<\/div>\n\t\n<h3 class=\"heading-secondary\"><span style=\"font-size: 26.208px;\"><b>SERVICII<\/b><\/span><\/h3>\n<p>NEW RECYCLING ofer\u0103 clien\u021bilor s\u0103i, o gam\u0103 complex\u0103 de servicii specializate, integrate, de colectare, procesare, reciclare <br \/>\u0219i valorificare\u00a0a de\u0219eurilor periculoase \u0219i nepericuloase.<\/p>\n\t\t<\/div>\n\t\t\t\t\t<\/div>\n\n\t\n<\/div>\n<div class=\"row row-small align-equal row-box-shadow-3-hover\"  id=\"row-399116748\">\n\n\t<div id=\"col-1596646833\" class=\"col medium-4 small-12 large-4\"  >\n\t\t\t\t<div class=\"col-inner box-shadow-1\" style=\"background-color:rgb(255, 255, 255);\" >\n\t\t\t\n\t\t\t\n\n\t<a class=\"plain\" href=\"#\"  >\t<div class=\"icon-box featured-box icon-box-center text-center\"  >\n\t\t\t\t\t<div class=\"icon-box-img\" style=\"width: 80px\">\n\t\t\t\t<div class=\"icon\">\n\t\t\t\t\t<div class=\"icon-inner\" >\n\t\t\t\t\t\t<img loading=\"lazy\" decoding=\"async\" width=\"300\" height=\"300\" src=\"https:\/\/newrecycling.ro\/new\/wp-content\/uploads\/2022\/01\/Untitled-150-\u00d7-150px-4.svg\" class=\"attachment-medium size-medium\" alt=\"\" \/>\t\t\t\t\t<\/div>\n\t\t\t\t<\/div>\n\t\t\t<\/div>\n\t\t\t\t<div class=\"icon-box-text last-reset\">\n\t\t\t\t\t\t\t\t\t\n\t<div id=\"text-3292419932\" class=\"text\">\n\t\t\n<h5><a href=\"\">Servicii de management al de\u0219eurilor<\/a><\/h5>\n\t\t\n<style>\n#text-3292419932 {\n  font-size: 1rem;\n}\n@media (min-width:850px) {\n  #text-3292419932 {\n    font-size: 1.25rem;\n  }\n}\n<\/style>\n\t<\/div>\n\t\n\t<div id=\"gap-1818255311\" class=\"gap-element clearfix\" style=\"display:block; height:auto;\">\n\t\t\n<style>\n#gap-1818255311 {\n  padding-top: 10px;\n}\n<\/style>\n\t<\/div>\n\t\n<a href=\"https:\/\/newrecycling.ro\/new\/managementul-statiilor-de-sortare-a-deseurilor-nepericuloase\/\" target=\"_self\" class=\"button secondary is-link is-small\"  >\n    <span>detalii<\/span>\n  <i class=\"icon-angle-right\" ><\/i><\/a>\n\n\t\t<\/div>\n\t<\/div>\n\t<\/a>\n\t\n\t\t<\/div>\n\t\t\t\t\t<\/div>\n\n\t\n\n\t<div id=\"col-181959334\" class=\"col medium-4 small-12 large-4\"  >\n\t\t\t\t<div class=\"col-inner box-shadow-1\" style=\"background-color:rgb(255, 255, 255);\" >\n\t\t\t\n\t\t\t\n\n\t<a class=\"plain\" href=\"#\"  >\t<div class=\"icon-box featured-box icon-box-center text-center\"  >\n\t\t\t\t\t<div class=\"icon-box-img\" style=\"width: 80px\">\n\t\t\t\t<div class=\"icon\">\n\t\t\t\t\t<div class=\"icon-inner\" >\n\t\t\t\t\t\t<img loading=\"lazy\" decoding=\"async\" width=\"300\" height=\"300\" src=\"https:\/\/newrecycling.ro\/new\/wp-content\/uploads\/2022\/01\/Untitled-150-\u00d7-150px-3.svg\" class=\"attachment-medium size-medium\" alt=\"\" \/>\t\t\t\t\t<\/div>\n\t\t\t\t<\/div>\n\t\t\t<\/div>\n\t\t\t\t<div class=\"icon-box-text last-reset\">\n\t\t\t\t\t\t\t\t\t\n\t<div id=\"text-4263549907\" class=\"text\">\n\t\t\n<h5><a href=\"\">Colectarea de\u0219eurilor periculoase \u0219i nepericuloase<\/a><\/h5>\n\t\t\n<style>\n#text-4263549907 {\n  font-size: 1rem;\n}\n@media (min-width:850px) {\n  #text-4263549907 {\n    font-size: 1.25rem;\n  }\n}\n<\/style>\n\t<\/div>\n\t\n\t<div id=\"gap-1682706358\" class=\"gap-element clearfix\" style=\"display:block; height:auto;\">\n\t\t\n<style>\n#gap-1682706358 {\n  padding-top: 10px;\n}\n<\/style>\n\t<\/div>\n\t\n<a href=\"https:\/\/newrecycling.ro\/new\/colectarea-deseurilor-nepericuloase-si-periculoase\/\" target=\"_self\" class=\"button secondary is-link is-small\"  >\n    <span>detalii<\/span>\n  <i class=\"icon-angle-right\" ><\/i><\/a>\n\n\t\t<\/div>\n\t<\/div>\n\t<\/a>\n\t\n\t\t<\/div>\n\t\t\t\t\t<\/div>\n\n\t\n\n\t<div id=\"col-209381821\" class=\"col medium-4 small-12 large-4\"  >\n\t\t\t\t<div class=\"col-inner box-shadow-1\" style=\"background-color:rgb(255, 255, 255);\" >\n\t\t\t\n\t\t\t\n\n\t<a class=\"plain\" href=\"#\"  >\t<div class=\"icon-box featured-box icon-box-center text-center\"  >\n\t\t\t\t\t<div class=\"icon-box-img\" style=\"width: 80px\">\n\t\t\t\t<div class=\"icon\">\n\t\t\t\t\t<div class=\"icon-inner\" >\n\t\t\t\t\t\t<img loading=\"lazy\" decoding=\"async\" width=\"300\" height=\"300\" src=\"https:\/\/newrecycling.ro\/new\/wp-content\/uploads\/2022\/01\/Untitled-150-\u00d7-150px-5.svg\" class=\"attachment-medium size-medium\" alt=\"\" \/>\t\t\t\t\t<\/div>\n\t\t\t\t<\/div>\n\t\t\t<\/div>\n\t\t\t\t<div class=\"icon-box-text last-reset\">\n\t\t\t\t\t\t\t\t\t\n\t<div id=\"text-2701844585\" class=\"text\">\n\t\t\n<h5><a href=\"\">Comercializarea<br \/>de\u0219eurilor<\/a><\/h5>\n\t\t\n<style>\n#text-2701844585 {\n  font-size: 1rem;\n}\n@media (min-width:850px) {\n  #text-2701844585 {\n    font-size: 1.25rem;\n  }\n}\n<\/style>\n\t<\/div>\n\t\n\t<div id=\"gap-571280244\" class=\"gap-element clearfix\" style=\"display:block; height:auto;\">\n\t\t\n<style>\n#gap-571280244 {\n  padding-top: 10px;\n}\n<\/style>\n\t<\/div>\n\t\n<a href=\"https:\/\/newrecycling.ro\/new\/comercializarea-deseurilor-reciclabile\/\" target=\"_self\" class=\"button secondary is-link is-small\"  >\n    <span>detalii<\/span>\n  <i class=\"icon-angle-right\" ><\/i><\/a>\n\n\t\t<\/div>\n\t<\/div>\n\t<\/a>\n\t\n\t\t<\/div>\n\t\t\t\t\t<\/div>\n\n\t\n\n\t<div id=\"col-1711563392\" class=\"col medium-4 small-12 large-4\"  >\n\t\t\t\t<div class=\"col-inner box-shadow-1\" style=\"background-color:rgb(255, 255, 255);\" >\n\t\t\t\n\t\t\t\n\n\t<a class=\"plain\" href=\"#\"  >\t<div class=\"icon-box featured-box icon-box-center text-center\"  >\n\t\t\t\t\t<div class=\"icon-box-img\" style=\"width: 80px\">\n\t\t\t\t<div class=\"icon\">\n\t\t\t\t\t<div class=\"icon-inner\" >\n\t\t\t\t\t\t<img loading=\"lazy\" decoding=\"async\" width=\"300\" height=\"300\" src=\"https:\/\/newrecycling.ro\/new\/wp-content\/uploads\/2022\/01\/Untitled-150-\u00d7-150px-6.svg\" class=\"attachment-medium size-medium\" alt=\"\" \/>\t\t\t\t\t<\/div>\n\t\t\t\t<\/div>\n\t\t\t<\/div>\n\t\t\t\t<div class=\"icon-box-text last-reset\">\n\t\t\t\t\t\t\t\t\t\n\t<div id=\"text-633384895\" class=\"text\">\n\t\t\n<h5><a href=\"\">Transporturi rutiere de m\u0103rfuri nepericuloase \u0219i periculoase<\/a><\/h5>\n\t\t\n<style>\n#text-633384895 {\n  font-size: 1rem;\n}\n@media (min-width:850px) {\n  #text-633384895 {\n    font-size: 1.25rem;\n  }\n}\n<\/style>\n\t<\/div>\n\t\n\t<div id=\"gap-783082864\" class=\"gap-element clearfix\" style=\"display:block; height:auto;\">\n\t\t\n<style>\n#gap-783082864 {\n  padding-top: 10px;\n}\n<\/style>\n\t<\/div>\n\t\n<a href=\"https:\/\/newrecycling.ro\/new\/transporturi-rutiere-de-marfuri-nepericuloase-si-periculoase\/\" target=\"_self\" class=\"button secondary is-link is-small\"  >\n    <span>detalii<\/span>\n  <i class=\"icon-angle-right\" ><\/i><\/a>\n\n\t\t<\/div>\n\t<\/div>\n\t<\/a>\n\t\n\t\t<\/div>\n\t\t\t\t\t<\/div>\n\n\t\n\n\t<div id=\"col-52645511\" class=\"col medium-4 small-12 large-4\"  >\n\t\t\t\t<div class=\"col-inner box-shadow-1\" style=\"background-color:rgb(255, 255, 255);\" >\n\t\t\t\n\t\t\t\n\n\t<a class=\"plain\" href=\"#\"  >\t<div class=\"icon-box featured-box icon-box-center text-center\"  >\n\t\t\t\t\t<div class=\"icon-box-img\" style=\"width: 86px\">\n\t\t\t\t<div class=\"icon\">\n\t\t\t\t\t<div class=\"icon-inner\" >\n\t\t\t\t\t\t<img loading=\"lazy\" decoding=\"async\" width=\"300\" height=\"300\" src=\"https:\/\/newrecycling.ro\/new\/wp-content\/uploads\/2022\/01\/Untitled-150-\u00d7-150px-7.svg\" class=\"attachment-medium size-medium\" alt=\"\" \/>\t\t\t\t\t<\/div>\n\t\t\t\t<\/div>\n\t\t\t<\/div>\n\t\t\t\t<div class=\"icon-box-text last-reset\">\n\t\t\t\t\t\t\t\t\t\n\t<div id=\"text-3906138868\" class=\"text\">\n\t\t\n<h5><a href=\"\">Construc\u021bii metalice \u0219i p\u0103r\u021bi componente<\/a><\/h5>\n\t\t\n<style>\n#text-3906138868 {\n  font-size: 1rem;\n}\n@media (min-width:850px) {\n  #text-3906138868 {\n    font-size: 1.25rem;\n  }\n}\n<\/style>\n\t<\/div>\n\t\n\t<div id=\"gap-610871972\" class=\"gap-element clearfix\" style=\"display:block; height:auto;\">\n\t\t\n<style>\n#gap-610871972 {\n  padding-top: 10px;\n}\n<\/style>\n\t<\/div>\n\t\n<a href=\"https:\/\/newrecycling.ro\/new\/constructii-metalice-si-parti-componente\/\" target=\"_self\" class=\"button secondary is-link is-small\"  >\n    <span>detalii<\/span>\n  <i class=\"icon-angle-right\" ><\/i><\/a>\n\n\t\t<\/div>\n\t<\/div>\n\t<\/a>\n\t\n\t\t<\/div>\n\t\t\t\t\t<\/div>\n\n\t\n\n\t<div id=\"col-775275383\" class=\"col medium-4 small-12 large-4\"  >\n\t\t\t\t<div class=\"col-inner box-shadow-1\" style=\"background-color:rgb(255, 255, 255);\" >\n\t\t\t\n\t\t\t\n\n\t<a class=\"plain\" href=\"#\"  >\t<div class=\"icon-box featured-box icon-box-center text-center\"  >\n\t\t\t\t\t<div class=\"icon-box-img\" style=\"width: 90px\">\n\t\t\t\t<div class=\"icon\">\n\t\t\t\t\t<div class=\"icon-inner\" >\n\t\t\t\t\t\t<img loading=\"lazy\" decoding=\"async\" width=\"300\" height=\"300\" src=\"https:\/\/newrecycling.ro\/new\/wp-content\/uploads\/2022\/01\/Untitled-150-\u00d7-150px-8.svg\" class=\"attachment-medium size-medium\" alt=\"\" \/>\t\t\t\t\t<\/div>\n\t\t\t\t<\/div>\n\t\t\t<\/div>\n\t\t\t\t<div class=\"icon-box-text last-reset\">\n\t\t\t\t\t\t\t\t\t\n\t<div id=\"text-1101191895\" class=\"text\">\n\t\t\n<h5><a href=\"\">Demontarea ma\u0219inilor \u0219i echipamentelor scoase din uz<br \/>\n<\/a><\/h5>\n\t\t\n<style>\n#text-1101191895 {\n  font-size: 1rem;\n}\n@media (min-width:850px) {\n  #text-1101191895 {\n    font-size: 1.25rem;\n  }\n}\n<\/style>\n\t<\/div>\n\t\n\t<div id=\"gap-825847723\" class=\"gap-element clearfix\" style=\"display:block; height:auto;\">\n\t\t\n<style>\n#gap-825847723 {\n  padding-top: 10px;\n}\n<\/style>\n\t<\/div>\n\t\n<a href=\"https:\/\/newrecycling.ro\/new\/demontarea-masinilor-si-echipamentelor-scoase-din-uz\/\" target=\"_self\" class=\"button secondary is-link is-small\"  >\n    <span>detalii<\/span>\n  <i class=\"icon-angle-right\" ><\/i><\/a>\n\n\t\t<\/div>\n\t<\/div>\n\t<\/a>\n\t\n\t\t<\/div>\n\t\t\t\t\t<\/div>\n\n\t\n\n<style>\n#row-399116748 > .col > .col-inner {\n  padding: 30px 20px 30px 20px;\n  border-radius: 5px;\n}\n@media (min-width:850px) {\n  #row-399116748 > .col > .col-inner {\n    padding: 70px 40px 70px 40px;\n  }\n}\n<\/style>\n<\/div>\n\t\t<\/div>\n\n\t\t\n<style>\n#section_1737927770 {\n  padding-top: 40px;\n  padding-bottom: 40px;\n}\n#section_1737927770 .ux-shape-divider--top svg {\n  height: 150px;\n  --divider-top-width: 100%;\n}\n#section_1737927770 .ux-shape-divider--bottom svg {\n  height: 150px;\n  --divider-width: 100%;\n}\n@media (min-width:550px) {\n  #section_1737927770 {\n    padding-top: 70px;\n    padding-bottom: 70px;\n  }\n}\n<\/style>\n\t<\/section>\n\t\n\t<section class=\"section\" id=\"section_1999277413\">\n\t\t<div class=\"bg section-bg fill bg-fill bg-loaded bg-loaded\" >\n\n\t\t\t\n\t\t\t\n\t\t\t\n\n\t\t<\/div>\n\n\t\t\n\n\t\t<div class=\"section-content relative\">\n\t\t\t\n<div class=\"row\"  id=\"row-134197986\">\n\n\t<div id=\"col-976566935\" class=\"col small-12 large-12\"  >\n\t\t\t\t<div class=\"col-inner text-center\"  >\n\t\t\t\n\t\t\t\n<h3 class=\"heading-secondary\"><span style=\"font-size: 26.208px;\"><b>PARTENERI<\/b><\/span><\/h3>\n<p>NEW RECYCLING ofer\u0103 clien\u021bilor s\u0103i, o gam\u0103 complex\u0103 de servicii specializate, integrate, de colectare, procesare, reciclare <br \/>\u0219i valorificare\u00a0a de\u0219eurilor periculoase \u0219i nepericuloase.<\/p>\n\t\t<\/div>\n\t\t\t\t\n<style>\n#col-976566935 > .col-inner {\n  margin: 40px 0px 0px 0px;\n}\n<\/style>\n\t<\/div>\n\n\t\n<\/div>\n<div class=\"row align-equal\"  id=\"row-551298944\">\n\n\t<div id=\"col-1078471113\" class=\"col medium-6 small-12 large-6\"  >\n\t\t\t\t<div class=\"col-inner\"  >\n\t\t\t\n\t\t\t\n\n\t\t<div class=\"icon-box featured-box circle icon-box-left text-left is-small\"  >\n\t\t\t\t\t<div class=\"icon-box-img\" style=\"width: 50px\">\n\t\t\t\t<div class=\"icon\">\n\t\t\t\t\t<div class=\"icon-inner\" >\n\t\t\t\t\t\t<img loading=\"lazy\" decoding=\"async\" width=\"300\" height=\"300\" src=\"https:\/\/newrecycling.ro\/new\/wp-content\/uploads\/2022\/01\/cet-brasov-300x300-1.jpg\" class=\"attachment-medium size-medium\" alt=\"\" srcset=\"https:\/\/newrecycling.ro\/new\/wp-content\/uploads\/2022\/01\/cet-brasov-300x300-1.jpg 300w, https:\/\/newrecycling.ro\/new\/wp-content\/uploads\/2022\/01\/cet-brasov-300x300-1-150x150.jpg 150w\" sizes=\"auto, (max-width: 300px) 100vw, 300px\" \/>\t\t\t\t\t<\/div>\n\t\t\t\t<\/div>\n\t\t\t<\/div>\n\t\t\t\t<div class=\"icon-box-text last-reset\">\n\t\t\t\t\t\t\t\t\t\n<h3>CENTRALA ELECTRIC\u0102 DE TERMOFICARE BRA\u0218OV SA<\/h3>\n<p>\u00a0<\/p>\n\t\t<\/div>\n\t<\/div>\n\t\n\t\n<blockquote style=\"font-size: 100%; font-style: normal;\">\n<h4>Demontarea magistralei de termoficare \u0219i ecologizarea zonei<\/h4>\n<\/blockquote>\n\t\t<\/div>\n\t\t\t\t\t<\/div>\n\n\t\n\n\t<div id=\"col-503631767\" class=\"col medium-6 small-12 large-6\"  >\n\t\t\t\t<div class=\"col-inner\"  >\n\t\t\t\n\t\t\t\n\n\t\t<div class=\"icon-box featured-box circle icon-box-left text-left is-small\"  >\n\t\t\t\t\t<div class=\"icon-box-img\" style=\"width: 50px\">\n\t\t\t\t<div class=\"icon\">\n\t\t\t\t\t<div class=\"icon-inner\" >\n\t\t\t\t\t\t<img loading=\"lazy\" decoding=\"async\" width=\"300\" height=\"300\" src=\"https:\/\/newrecycling.ro\/new\/wp-content\/uploads\/2022\/01\/romwaste-300x300-1.jpg\" class=\"attachment-medium size-medium\" alt=\"\" srcset=\"https:\/\/newrecycling.ro\/new\/wp-content\/uploads\/2022\/01\/romwaste-300x300-1.jpg 300w, https:\/\/newrecycling.ro\/new\/wp-content\/uploads\/2022\/01\/romwaste-300x300-1-150x150.jpg 150w\" sizes=\"auto, (max-width: 300px) 100vw, 300px\" \/>\t\t\t\t\t<\/div>\n\t\t\t\t<\/div>\n\t\t\t<\/div>\n\t\t\t\t<div class=\"icon-box-text last-reset\">\n\t\t\t\t\t\t\t\t\t\n<h3>ROM WASTE SOLUTIONS SA<\/h3>\n<p>\u00a0<\/p>\n\t\t<\/div>\n\t<\/div>\n\t\n\t\n<blockquote style=\"font-size: 100%; font-style: normal;\">\n<h4>Activit\u0103\u021bi de \u00eenchiriere \u0219i operare utilaje destinate transportului de\u0219eurilor nepericuloase<\/h4>\n<\/blockquote>\n\t\t<\/div>\n\t\t\t\t\t<\/div>\n\n\t\n\n<style>\n#row-551298944 > .col > .col-inner {\n  padding: 40px 40px 40px 40px;\n  background-color: rgb(255,255,255);\n}\n<\/style>\n<\/div>\n<div class=\"row align-middle\"  id=\"row-1371345704\">\n\n\t<div id=\"col-1004952695\" class=\"col medium-3 small-4 large-3\"  >\n\t\t\t\t<div class=\"col-inner\"  >\n\t\t\t\n\t\t\t\n\t<div class=\"img has-hover x md-x lg-x y md-y lg-y\" id=\"image_1035724314\">\n\t\t<a class=\"\" href=\"https:\/\/www.electroputere.ro\/\"  >\t\t\t\t\t\t<div class=\"img-inner image-overlay-remove-50 dark\" >\n\t\t\t<img loading=\"lazy\" decoding=\"async\" width=\"280\" height=\"55\" src=\"https:\/\/newrecycling.ro\/new\/wp-content\/uploads\/2022\/01\/electroputere.png\" class=\"attachment-large size-large\" alt=\"\" \/>\t\t\t\t\t\t\t<div class=\"overlay\" style=\"background-color: rgba(244, 244, 244, 0.7)\"><\/div>\n\t\t\t\t\t\t\n\t\t\t\t\t<\/div>\n\t\t\t\t\t\t<\/a>\t\t\n<style>\n#image_1035724314 {\n  width: 100%;\n}\n<\/style>\n\t<\/div>\n\t\n\t\t<\/div>\n\t\t\t\t\t<\/div>\n\n\t\n\n\t<div id=\"col-1085996439\" class=\"col medium-2 small-4 large-2\"  >\n\t\t\t\t<div class=\"col-inner\"  >\n\t\t\t\n\t\t\t\n\t<div class=\"img has-hover x md-x lg-x y md-y lg-y\" id=\"image_570799928\">\n\t\t<a class=\"\" href=\"http:\/\/www.oltchim.ro\/en\/\"  >\t\t\t\t\t\t<div class=\"img-inner image-overlay-remove-50 dark\" >\n\t\t\t<img loading=\"lazy\" decoding=\"async\" width=\"252\" height=\"72\" src=\"https:\/\/newrecycling.ro\/new\/wp-content\/uploads\/2022\/01\/oltchim.png\" class=\"attachment-large size-large\" alt=\"\" \/>\t\t\t\t\t\t\t<div class=\"overlay\" style=\"background-color: rgba(244, 244, 244, 0.7)\"><\/div>\n\t\t\t\t\t\t\n\t\t\t\t\t<\/div>\n\t\t\t\t\t\t<\/a>\t\t\n<style>\n#image_570799928 {\n  width: 100%;\n}\n<\/style>\n\t<\/div>\n\t\n\t\t<\/div>\n\t\t\t\t\t<\/div>\n\n\t\n\n\t<div id=\"col-2068067108\" class=\"col medium-2 small-4 large-2\"  >\n\t\t\t\t<div class=\"col-inner\"  >\n\t\t\t\n\t\t\t\n\t<div class=\"img has-hover x md-x lg-x y md-y lg-y\" id=\"image_1093600934\">\n\t\t<a class=\"\" href=\"https:\/\/www.ceoltenia.ro\/en\/\"  >\t\t\t\t\t\t<div class=\"img-inner image-overlay-remove-50 dark\" >\n\t\t\t<img loading=\"lazy\" decoding=\"async\" width=\"250\" height=\"81\" src=\"https:\/\/newrecycling.ro\/new\/wp-content\/uploads\/2022\/01\/complex-eneergetic-oltenia.png\" class=\"attachment-large size-large\" alt=\"\" \/>\t\t\t\t\t\t\t<div class=\"overlay\" style=\"background-color: rgba(244, 244, 244, 0.7)\"><\/div>\n\t\t\t\t\t\t\n\t\t\t\t\t<\/div>\n\t\t\t\t\t\t<\/a>\t\t\n<style>\n#image_1093600934 {\n  width: 100%;\n}\n<\/style>\n\t<\/div>\n\t\n\t\t<\/div>\n\t\t\t\t\t<\/div>\n\n\t\n\n\t<div id=\"col-807750053\" class=\"col medium-2 small-4 large-2\"  >\n\t\t\t\t<div class=\"col-inner\"  >\n\t\t\t\n\t\t\t\n\t<div class=\"img has-hover x md-x lg-x y md-y lg-y\" id=\"image_2038384619\">\n\t\t<a class=\"\" href=\"http:\/\/www.raan.ro\/en\/\"  >\t\t\t\t\t\t<div class=\"img-inner image-overlay-remove-50 dark\" >\n\t\t\t<img loading=\"lazy\" decoding=\"async\" width=\"250\" height=\"55\" src=\"https:\/\/newrecycling.ro\/new\/wp-content\/uploads\/2022\/01\/intro_raan.png\" class=\"attachment-large size-large\" alt=\"\" \/>\t\t\t\t\t\t\t<div class=\"overlay\" style=\"background-color: rgba(244, 244, 244, 0.7)\"><\/div>\n\t\t\t\t\t\t\n\t\t\t\t\t<\/div>\n\t\t\t\t\t\t<\/a>\t\t\n<style>\n#image_2038384619 {\n  width: 100%;\n}\n<\/style>\n\t<\/div>\n\t\n\t\t<\/div>\n\t\t\t\t\t<\/div>\n\n\t\n\n\t<div id=\"col-1713906661\" class=\"col medium-2 small-4 large-2\"  >\n\t\t\t\t<div class=\"col-inner\"  >\n\t\t\t\n\t\t\t\n\t<div class=\"img has-hover x md-x lg-x y md-y lg-y\" id=\"image_1691321121\">\n\t\t\t\t\t\t\t\t<div class=\"img-inner image-overlay-remove-50 dark\" >\n\t\t\t<img loading=\"lazy\" decoding=\"async\" width=\"252\" height=\"72\" src=\"https:\/\/newrecycling.ro\/new\/wp-content\/uploads\/2022\/01\/oltchim.png\" class=\"attachment-large size-large\" alt=\"\" \/>\t\t\t\t\t\t\t<div class=\"overlay\" style=\"background-color: rgba(244, 244, 244, 0.7)\"><\/div>\n\t\t\t\t\t\t\n\t\t\t\t\t<\/div>\n\t\t\t\t\t\t\t\t\n<style>\n#image_1691321121 {\n  width: 100%;\n}\n<\/style>\n\t<\/div>\n\t\n\t\t<\/div>\n\t\t\t\t\t<\/div>\n\n\t\n<\/div>\n\t\t<\/div>\n\n\t\t\n<style>\n#section_1999277413 {\n  padding-top: 30px;\n  padding-bottom: 30px;\n  background-color: rgb(244, 244, 244);\n}\n#section_1999277413 .ux-shape-divider--top svg {\n  height: 150px;\n  --divider-top-width: 100%;\n}\n#section_1999277413 .ux-shape-divider--bottom svg {\n  height: 150px;\n  --divider-width: 100%;\n}\n<\/style>\n\t<\/section>\n\t\n","protected":false},"excerpt":{"rendered":"","protected":false},"author":1,"featured_media":0,"parent":0,"menu_order":0,"comment_status":"closed","ping_status":"closed","template":"page-blank.php","meta":{"inline_featured_image":false,"footnotes":""},"class_list":["post-4","page","type-page","status-publish","hentry"],"_links":{"self":[{"href":"https:\/\/newrecycling.ro\/new\/wp-json\/wp\/v2\/pages\/4","targetHints":{"allow":["GET"]}}],"collection":[{"href":"https:\/\/newrecycling.ro\/new\/wp-json\/wp\/v2\/pages"}],"about":[{"href":"https:\/\/newrecycling.ro\/new\/wp-json\/wp\/v2\/types\/page"}],"author":[{"embeddable":true,"href":"https:\/\/newrecycling.ro\/new\/wp-json\/wp\/v2\/users\/1"}],"replies":[{"embeddable":true,"href":"https:\/\/newrecycling.ro\/new\/wp-json\/wp\/v2\/comments?post=4"}],"version-history":[{"count":43,"href":"https:\/\/newrecycling.ro\/new\/wp-json\/wp\/v2\/pages\/4\/revisions"}],"predecessor-version":[{"id":316,"href":"https:\/\/newrecycling.ro\/new\/wp-json\/wp\/v2\/pages\/4\/revisions\/316"}],"wp:attachment":[{"href":"https:\/\/newrecycling.ro\/new\/wp-json\/wp\/v2\/media?parent=4"}],"curies":[{"name":"wp","href":"https:\/\/api.w.org\/{rel}","templated":true}]}}